{"id":2145,"date":"2019-03-06T10:30:14","date_gmt":"2019-03-06T09:30:14","guid":{"rendered":"http:\/\/www.ingenerfurnaces.com\/?page_id=2145"},"modified":"2020-09-16T13:33:36","modified_gmt":"2020-09-16T11:33:36","slug":"footer-contacto","status":"publish","type":"page","link":"https:\/\/www.ingenerfurnaces.com\/es\/footer-contacto\/","title":{"rendered":"footer Contacto"},"content":{"rendered":"<div class=\"wpb-content-wrapper\"><p>[vc_row][vc_column width=\u00bb1\/4&#8243; dfd_column_responsive_enable=\u00bbdfd-column-responsive-enable\u00bb offset=\u00bbvc_col-lg-3 vc_col-md-3 vc_col-xs-8&#8243; responsive_styles=\u00bbmargin_bottom_mobile:0|padding_bottom_mobile:0&#8243;]<div class=\"dfd-spacer-module\"  data-units=\"px\" data-wide_resolution=\"1280\" data-wide_size=\"35\" data-normal_resolution=\"1024\" data-normal_size=\"35\" data-tablet_resolution=\"800\" data-tablet_size=\"15\" data-mobile_resolution=\"480\" data-mobile_size=\"5\" style=\"height: 35px;\"><\/div><div id=\"dfd-icon-list-69d1de9d3ee7b-6538\" class=\"dfd-icon-list-wrap  style-1  \" ><ul class=\"dfd-icon-list\"><li class=\"\"><div class=\"dfd-list-content clearfix \" style=\"padding-bottom:3px;\"><div class=\"dfd-list-icon-block text-center\" style=\"margin-right:10px;color:#d34e25; font-size:20px; \"><i class = \"dfd-icon-marker\"><\/i><\/div><div class=\"dfd-list-content-block content\">Camino Sangr\u00f3niz, 2 Edificio &#8211; 2, planta 1\u00aa \u00b7 48150 SONDIKA (Vizcaya)<\/div><\/div><\/li><li class=\"\"><div class=\"dfd-list-content clearfix \" style=\"padding-bottom:3px;\"><div class=\"dfd-list-icon-block text-center\" style=\"margin-right:10px;color:#d34e25; font-size:20px; \"><i class = \"dfd-icon-call_incoming\"><\/i><\/div><div class=\"dfd-list-content-block content\"><a href=\"tel:34944710600\">+34 944 710 600<\/a><\/div><\/div><\/li><li class=\"\"><div class=\"dfd-list-content clearfix \" style=\"padding-bottom:3px;\"><div class=\"dfd-list-icon-block text-center\" style=\"margin-right:10px;color:#d34e25; font-size:20px; \"><i class = \"dfd-icon-printer\"><\/i><\/div><div class=\"dfd-list-content-block content\">+34 944 710 609<\/div><\/div><\/li><li class=\"\"><div class=\"dfd-list-content clearfix \" style=\"padding-bottom:3px;\"><div class=\"dfd-list-icon-block text-center\" style=\"margin-right:10px;color:#d34e25; font-size:20px; \"><i class = \"dfd-icon-send_mail\"><\/i><\/div><div class=\"dfd-list-content-block content\"><a href=\"mailto:ingener@ingener.es\">ingener@ingener.es<\/a><\/div><\/div><\/li><\/ul><\/div><script type=\"text\/javascript\">(function($) {$(\"head\").append(\"<style>#dfd-icon-list-69d1de9d3ee7b-6538 .dfd-icon-list .content {style=&quot;&quot;}<\/style>\");})(jQuery);<\/script>[\/vc_column][vc_column width=\u00bb1\/2&#8243; offset=\u00bbvc_col-lg-offset-1 vc_col-lg-4 vc_col-md-6 vc_col-xs-12 vc_hidden-xs\u00bb]<div class=\"dfd-spacer-module\"  data-units=\"px\" data-wide_resolution=\"1280\" data-wide_size=\"35\" data-normal_resolution=\"1024\" data-normal_size=\"35\" data-tablet_resolution=\"800\" data-tablet_size=\"15\" data-mobile_resolution=\"480\" data-mobile_size=\"5\" style=\"height: 35px;\"><\/div><div id=\"dfd-single-image-module69d1de9d3f5f9-4813\" class=\"dfd-single-image-module  image-center  dfd-img-lazy-load\" ><img loading=\"lazy\" decoding=\"async\" src=\"data:image\/svg+xml;charset=utf-8,%3Csvg xmlns%3D'http%3A%2F%2Fwww.w3.org%2F2000%2Fsvg' viewBox%3D'0 0 128 63'%2F%3E\" data-src=\"https:\/\/www.ingenerfurnaces.com\/wp-content\/uploads\/2019\/02\/logo-ingener-light.png\" width=\"128\" height=\"63\"  alt=\"INGENER: Logotipo\" \/><script type=\"text\/javascript\">(function($) {$(\"head\").append(\"<style>@media only screen and (max-width: 799px) {#dfd-single-image-module69d1de9d3f5f9-4813 img {float: none;margin: 0 auto;}}<\/style>\");})(jQuery);<\/script><\/div><div class=\"dfd-spacer-module\"  data-units=\"px\" data-wide_resolution=\"1280\" data-wide_size=\"25\" data-normal_resolution=\"1024\" data-normal_size=\"25\" data-tablet_resolution=\"800\" data-tablet_size=\"25\" data-mobile_resolution=\"480\" data-mobile_size=\"20\" style=\"height: 25px;\"><\/div>[vc_column_text]<\/p>\n<p style=\"text-align: center; color: rgba(255,255,255,0.6);\">Somos una compa\u00f1\u00eda especializada en el suministro y Asistencia T\u00e9cnica de hornos industriales para recalentamiento y tratamiento t\u00e9rmico de los metales.<\/p>\n<p>[\/vc_column_text]<div class=\"dfd-spacer-module\"  data-units=\"px\" data-wide_resolution=\"1280\" data-wide_size=\"45\" data-normal_resolution=\"1024\" data-normal_size=\"45\" data-tablet_resolution=\"800\" data-tablet_size=\"0\" data-mobile_resolution=\"480\" data-mobile_size=\"0\" style=\"height: 45px;\"><\/div>[\/vc_column][vc_column width=\u00bb1\/4&#8243; dfd_column_responsive_enable=\u00bbdfd-column-responsive-enable\u00bb offset=\u00bbvc_col-lg-offset-2 vc_col-lg-2 vc_col-md-3 vc_col-xs-4&#8243; responsive_styles=\u00bbmargin_bottom_mobile:0|padding_bottom_mobile:0&#8243;]<div class=\"dfd-spacer-module\"  data-units=\"px\" data-wide_resolution=\"1280\" data-wide_size=\"35\" data-normal_resolution=\"1024\" data-normal_size=\"35\" data-tablet_resolution=\"800\" data-tablet_size=\"15\" data-mobile_resolution=\"480\" data-mobile_size=\"5\" style=\"height: 35px;\"><\/div><div id=\"dfd-single-image-module69d1de9d3fbfb-2148\" class=\"dfd-single-image-module  image-center  dfd-img-lazy-load\" ><img loading=\"lazy\" decoding=\"async\" src=\"data:image\/svg+xml;charset=utf-8,%3Csvg xmlns%3D'http%3A%2F%2Fwww.w3.org%2F2000%2Fsvg' viewBox%3D'0 0 300 191'%2F%3E\" data-src=\"https:\/\/www.ingenerfurnaces.com\/wp-content\/uploads\/2019\/02\/ingener-iso9001-negativo.png\" width=\"300\" height=\"191\"  alt=\"INGENER: ISO9001\" \/><\/div><div class=\"dfd-spacer-module\"  data-units=\"px\" data-wide_resolution=\"1280\" data-wide_size=\"25\" data-normal_resolution=\"1024\" data-normal_size=\"25\" data-tablet_resolution=\"800\" data-tablet_size=\"25\" data-mobile_resolution=\"480\" data-mobile_size=\"20\" style=\"height: 25px;\"><\/div>[\/vc_column][\/vc_row][vc_row][vc_column dfd_column_responsive_enable=\u00bbdfd-column-responsive-enable\u00bb responsive_styles=\u00bbmargin_bottom_mobile:0|padding_bottom_mobile:0&#8243;]<div class=\"dfd-spacer-module\"  data-units=\"px\" data-wide_resolution=\"1280\" data-wide_size=\"25\" data-normal_resolution=\"1024\" data-normal_size=\"25\" data-tablet_resolution=\"800\" data-tablet_size=\"0\" data-mobile_resolution=\"480\" data-mobile_size=\"0\" style=\"height: 25px;\"><\/div>[\/vc_column][\/vc_row]<\/p>\n<\/div>","protected":false},"excerpt":{"rendered":"<p>[vc_row][vc_column width=\u00bb1\/4&#8243; dfd_column_responsive_enable=\u00bbdfd-column-responsive-enable\u00bb offset=\u00bbvc_col-lg-3 vc_col-md-3 vc_col-xs-8&#8243; responsive_styles=\u00bbmargin_bottom_mobile:0|padding_bottom_mobile:0&#8243;][\/vc_column][vc_column width=\u00bb1\/2&#8243; offset=\u00bbvc_col-lg-offset-1 vc_col-lg-4 vc_col-md-6 vc_col-xs-12 vc_hidden-xs\u00bb][vc_column_text] Somos una compa\u00f1\u00eda especializada en el suministro y Asistencia T\u00e9cnica de hornos industriales para recalentamiento y tratamiento<\/p>\n","protected":false},"author":1,"featured_media":0,"parent":0,"menu_order":0,"comment_status":"closed","ping_status":"closed","template":"page-custom.php","meta":{"_acf_changed":false,"footnotes":""},"class_list":["post-2145","page","type-page","status-publish","hentry"],"acf":[],"yoast_head":"<!-- This site is optimized with the Yoast SEO plugin v27.2 - https:\/\/yoast.com\/product\/yoast-seo-wordpress\/ -->\n<title>footer Contacto - Ingener<\/title>\n<meta name=\"robots\" content=\"noindex, follow\" \/>\n<meta property=\"og:locale\" content=\"es_ES\" \/>\n<meta property=\"og:type\" content=\"article\" \/>\n<meta property=\"og:title\" content=\"footer Contacto - Ingener\" \/>\n<meta property=\"og:description\" content=\"[vc_row][vc_column width=\u00bb1\/4&#8243; dfd_column_responsive_enable=\u00bbdfd-column-responsive-enable\u00bb offset=\u00bbvc_col-lg-3 vc_col-md-3 vc_col-xs-8&#8243; responsive_styles=\u00bbmargin_bottom_mobile:0|padding_bottom_mobile:0&#8243;][\/vc_column][vc_column width=\u00bb1\/2&#8243; offset=\u00bbvc_col-lg-offset-1 vc_col-lg-4 vc_col-md-6 vc_col-xs-12 vc_hidden-xs\u00bb][vc_column_text] Somos una compa\u00f1\u00eda especializada en el suministro y Asistencia T\u00e9cnica de hornos industriales para recalentamiento y tratamiento\" \/>\n<meta property=\"og:url\" content=\"https:\/\/www.ingenerfurnaces.com\/es\/footer-contacto\/\" \/>\n<meta property=\"og:site_name\" content=\"Ingener\" \/>\n<meta property=\"article:modified_time\" content=\"2020-09-16T11:33:36+00:00\" \/>\n<meta name=\"twitter:card\" content=\"summary_large_image\" \/>\n<meta name=\"twitter:label1\" content=\"Tiempo de lectura\" \/>\n\t<meta name=\"twitter:data1\" content=\"2 minutos\" \/>\n<script type=\"application\/ld+json\" class=\"yoast-schema-graph\">{\"@context\":\"https:\/\/schema.org\",\"@graph\":[{\"@type\":\"WebPage\",\"@id\":\"https:\/\/www.ingenerfurnaces.com\/es\/footer-contacto\/\",\"url\":\"https:\/\/www.ingenerfurnaces.com\/es\/footer-contacto\/\",\"name\":\"footer Contacto - Ingener\",\"isPartOf\":{\"@id\":\"https:\/\/www.ingenerfurnaces.com\/es\/#website\"},\"datePublished\":\"2019-03-06T09:30:14+00:00\",\"dateModified\":\"2020-09-16T11:33:36+00:00\",\"breadcrumb\":{\"@id\":\"https:\/\/www.ingenerfurnaces.com\/es\/footer-contacto\/#breadcrumb\"},\"inLanguage\":\"es\",\"potentialAction\":[{\"@type\":\"ReadAction\",\"target\":[\"https:\/\/www.ingenerfurnaces.com\/es\/footer-contacto\/\"]}]},{\"@type\":\"BreadcrumbList\",\"@id\":\"https:\/\/www.ingenerfurnaces.com\/es\/footer-contacto\/#breadcrumb\",\"itemListElement\":[{\"@type\":\"ListItem\",\"position\":1,\"name\":\"Portada\",\"item\":\"https:\/\/www.ingenerfurnaces.com\/es\/\"},{\"@type\":\"ListItem\",\"position\":2,\"name\":\"footer Contacto\"}]},{\"@type\":\"WebSite\",\"@id\":\"https:\/\/www.ingenerfurnaces.com\/es\/#website\",\"url\":\"https:\/\/www.ingenerfurnaces.com\/es\/\",\"name\":\"Ingener\",\"description\":\"Otro sitio realizado con WordPress\",\"potentialAction\":[{\"@type\":\"SearchAction\",\"target\":{\"@type\":\"EntryPoint\",\"urlTemplate\":\"https:\/\/www.ingenerfurnaces.com\/es\/?s={search_term_string}\"},\"query-input\":{\"@type\":\"PropertyValueSpecification\",\"valueRequired\":true,\"valueName\":\"search_term_string\"}}],\"inLanguage\":\"es\"}]}<\/script>\n<!-- \/ Yoast SEO plugin. -->","yoast_head_json":{"title":"footer Contacto - Ingener","robots":{"index":"noindex","follow":"follow"},"og_locale":"es_ES","og_type":"article","og_title":"footer Contacto - Ingener","og_description":"[vc_row][vc_column width=\u00bb1\/4&#8243; dfd_column_responsive_enable=\u00bbdfd-column-responsive-enable\u00bb offset=\u00bbvc_col-lg-3 vc_col-md-3 vc_col-xs-8&#8243; responsive_styles=\u00bbmargin_bottom_mobile:0|padding_bottom_mobile:0&#8243;][\/vc_column][vc_column width=\u00bb1\/2&#8243; offset=\u00bbvc_col-lg-offset-1 vc_col-lg-4 vc_col-md-6 vc_col-xs-12 vc_hidden-xs\u00bb][vc_column_text] Somos una compa\u00f1\u00eda especializada en el suministro y Asistencia T\u00e9cnica de hornos industriales para recalentamiento y tratamiento","og_url":"https:\/\/www.ingenerfurnaces.com\/es\/footer-contacto\/","og_site_name":"Ingener","article_modified_time":"2020-09-16T11:33:36+00:00","twitter_card":"summary_large_image","twitter_misc":{"Tiempo de lectura":"2 minutos"},"schema":{"@context":"https:\/\/schema.org","@graph":[{"@type":"WebPage","@id":"https:\/\/www.ingenerfurnaces.com\/es\/footer-contacto\/","url":"https:\/\/www.ingenerfurnaces.com\/es\/footer-contacto\/","name":"footer Contacto - Ingener","isPartOf":{"@id":"https:\/\/www.ingenerfurnaces.com\/es\/#website"},"datePublished":"2019-03-06T09:30:14+00:00","dateModified":"2020-09-16T11:33:36+00:00","breadcrumb":{"@id":"https:\/\/www.ingenerfurnaces.com\/es\/footer-contacto\/#breadcrumb"},"inLanguage":"es","potentialAction":[{"@type":"ReadAction","target":["https:\/\/www.ingenerfurnaces.com\/es\/footer-contacto\/"]}]},{"@type":"BreadcrumbList","@id":"https:\/\/www.ingenerfurnaces.com\/es\/footer-contacto\/#breadcrumb","itemListElement":[{"@type":"ListItem","position":1,"name":"Portada","item":"https:\/\/www.ingenerfurnaces.com\/es\/"},{"@type":"ListItem","position":2,"name":"footer Contacto"}]},{"@type":"WebSite","@id":"https:\/\/www.ingenerfurnaces.com\/es\/#website","url":"https:\/\/www.ingenerfurnaces.com\/es\/","name":"Ingener","description":"Otro sitio realizado con WordPress","potentialAction":[{"@type":"SearchAction","target":{"@type":"EntryPoint","urlTemplate":"https:\/\/www.ingenerfurnaces.com\/es\/?s={search_term_string}"},"query-input":{"@type":"PropertyValueSpecification","valueRequired":true,"valueName":"search_term_string"}}],"inLanguage":"es"}]}},"_links":{"self":[{"href":"https:\/\/www.ingenerfurnaces.com\/es\/wp-json\/wp\/v2\/pages\/2145","targetHints":{"allow":["GET"]}}],"collection":[{"href":"https:\/\/www.ingenerfurnaces.com\/es\/wp-json\/wp\/v2\/pages"}],"about":[{"href":"https:\/\/www.ingenerfurnaces.com\/es\/wp-json\/wp\/v2\/types\/page"}],"author":[{"embeddable":true,"href":"https:\/\/www.ingenerfurnaces.com\/es\/wp-json\/wp\/v2\/users\/1"}],"replies":[{"embeddable":true,"href":"https:\/\/www.ingenerfurnaces.com\/es\/wp-json\/wp\/v2\/comments?post=2145"}],"version-history":[{"count":8,"href":"https:\/\/www.ingenerfurnaces.com\/es\/wp-json\/wp\/v2\/pages\/2145\/revisions"}],"predecessor-version":[{"id":4489,"href":"https:\/\/www.ingenerfurnaces.com\/es\/wp-json\/wp\/v2\/pages\/2145\/revisions\/4489"}],"wp:attachment":[{"href":"https:\/\/www.ingenerfurnaces.com\/es\/wp-json\/wp\/v2\/media?parent=2145"}],"curies":[{"name":"wp","href":"https:\/\/api.w.org\/{rel}","templated":true}]}}