{"id":2049,"date":"2019-03-04T11:47:29","date_gmt":"2019-03-04T10:47:29","guid":{"rendered":"http:\/\/www.ingenerfurnaces.com\/?page_id=2049"},"modified":"2020-06-09T16:35:38","modified_gmt":"2020-06-09T14:35:38","slug":"mantenimiento-de-hornos-industriales","status":"publish","type":"page","link":"https:\/\/www.ingenerfurnaces.com\/es\/servicios\/mantenimiento-de-hornos-industriales\/","title":{"rendered":"Mantenimiento de hornos industriales"},"content":{"rendered":"<div class=\"wpb-content-wrapper\"><p>[vc_row][vc_column]<div class=\"dfd-spacer-module\"  data-units=\"px\" data-wide_resolution=\"1280\" data-wide_size=\"60\" data-normal_resolution=\"1024\" data-normal_size=\"50\" data-tablet_resolution=\"800\" data-tablet_size=\"30\" data-mobile_resolution=\"480\" data-mobile_size=\"30\" style=\"height: 60px;\"><\/div>[\/vc_column][\/vc_row][vc_row][vc_column offset=\u00bbvc_col-lg-offset-3 vc_col-lg-6 vc_col-md-offset-3 vc_col-md-6&#8243;]<div class=\"dfd-heading-shortcode\"><div class=\"dfd-heading-module-wrap  text-center style_01 dfd-heading-69eb5609a874e dfd-disable-resposive-headings\" id=\"dfd-heading-69eb5609a874e\" ><div class=\"inline-block\"><div class=\"dfd-heading-module\"><div class=\"widget-title dfd-title block-title\" style=\"font-size: 25px; color: #5b5b5f !important; line-height: 28px; \">Servicio de revisi\u00f3n, mantenimiento y reparaciones de hornos industriales<\/div><\/div><\/div><\/div><script type=\"text\/javascript\">\r\n\t\t\t\t\t\t\t\t\t(function($) {\r\n\t\t\t\t\t\t\t\t\t\t$(\"head\").append(\"<style>.dfd-heading-69eb5609a874e.dfd-heading-module-wrap .dfd-heading-module .dfd-heading-delimiter {margin-top:10px;margin-bottom:10px;}<\/style>\");\r\n\t\t\t\t\t\t\t\t\t})(jQuery);\r\n\t\t\t\t\t\t\t\t<\/script><\/div><div class=\"dfd-spacer-module\"  data-units=\"px\" data-wide_resolution=\"1280\" data-wide_size=\"60\" data-normal_resolution=\"1024\" data-normal_size=\"30\" data-tablet_resolution=\"800\" data-tablet_size=\"20\" data-mobile_resolution=\"480\" data-mobile_size=\"20\" style=\"height: 60px;\"><\/div>[\/vc_column][\/vc_row][vc_row][vc_column offset=\u00bbvc_col-lg-offset-1 vc_col-lg-10 vc_col-md-offset-1 vc_col-md-10&#8243;][vc_row_inner][vc_column_inner width=\u00bb1\/2&#8243;][vc_single_image image=\u00bb3530&#8243; img_size=\u00bbfull\u00bb alignment=\u00bbcenter\u00bb css_animation=\u00bbfadeIn\u00bb]<div class=\"dfd-spacer-module\"  data-units=\"px\" data-wide_resolution=\"1280\" data-wide_size=\"0\" data-normal_resolution=\"1024\" data-normal_size=\"30\" data-tablet_resolution=\"800\" data-tablet_size=\"30\" data-mobile_resolution=\"480\" data-mobile_size=\"30\" style=\"height: 0px;\"><\/div>[\/vc_column_inner][vc_column_inner width=\u00bb1\/2&#8243; dfd_column_responsive_enable=\u00bbdfd-column-responsive-enable\u00bb css=\u00bb.vc_custom_1552031218702{padding-right: 50px !important;padding-left: 50px !important;}\u00bb responsive_styles=\u00bbpadding_left_mobile:10|padding_right_mobile:10&#8243;]<div class=\"dfd-spacer-module\"  data-units=\"px\" data-wide_resolution=\"1280\" data-wide_size=\"30\" data-normal_resolution=\"1024\" data-normal_size=\"30\" data-tablet_resolution=\"800\" data-tablet_size=\"30\" data-mobile_resolution=\"480\" data-mobile_size=\"30\" style=\"height: 30px;\"><\/div>[vc_column_text]Servicio en el que nuestros t\u00e9cnicos eval\u00faan las condiciones actuales de los equipos y realizan o planifican las acciones oportunas para el mantenimiento o reparaci\u00f3n de hornos industriales u otros equipos existentes.[\/vc_column_text]<div class=\"dfd-spacer-module\"  data-units=\"px\" data-wide_resolution=\"1280\" data-wide_size=\"30\" data-normal_resolution=\"1024\" data-normal_size=\"30\" data-tablet_resolution=\"800\" data-tablet_size=\"30\" data-mobile_resolution=\"480\" data-mobile_size=\"30\" style=\"height: 30px;\"><\/div><div id=\"dfd-button-69eb5609a8a7b\" class=\"dfd-button-module-wrap dfd-button-69eb5609a8a7b\"><div class=\"dfd-button-module scrollAncla cr-animate-gen style_1 text-left dfd-horizontal dfd-top-to-bottom dfd-button-icon-left dfd-button-icon-hover-simple mobile-center\"  data-animate-type=\"transition.fadeIn\" ><a href=\"#MasInformacion\" class=\"dfd-button-link\"><span class=\"dfd-button-inner-cover\"><span class=\"dfd-button-text-main\">M\u00e1s informaci\u00f3n<\/span><\/span><\/a><\/div><script type=\"text\/javascript\">\r\n\t\t\t\t\t\t\t\t\t(function($) {$(\"head\").append(\"<style>@media only screen and (max-width: 799px) {.dfd-button-69eb5609a8a7b .mobile-center,#dfd-button-69eb5609a8a7b .mobile-center {text-align: center;}}#dfd-button-69eb5609a8a7b.dfd-button-module-wrap .dfd-button-module .dfd-button-link .dfd-button-inner-cover .dfd-button-text-main, .dfd-button-69eb5609a8a7b.dfd-button-module-wrap .dfd-button-module .dfd-button-link .dfd-button-inner-cover .dfd-button-text-main, .dfd-button-69eb5609a8a7b.dfd-button-module-wrap .dfd-button-module .dfd-button-link .dfd-button-inner-cover .dfd-button-text-hover, #dfd-button-69eb5609a8a7b.dfd-button-module-wrap .dfd-button-module .dfd-button-link .dfd-button-inner-cover .dfd-button-text-hover {padding-left: 30px;}#dfd-button-69eb5609a8a7b.dfd-button-module-wrap .dfd-button-module .dfd-button-link .dfd-button-inner-cover .dfd-button-text-main, .dfd-button-69eb5609a8a7b.dfd-button-module-wrap .dfd-button-module .dfd-button-link .dfd-button-inner-cover .dfd-button-text-main, .dfd-button-69eb5609a8a7b.dfd-button-module-wrap .dfd-button-module .dfd-button-link .dfd-button-inner-cover .dfd-button-text-hover, #dfd-button-69eb5609a8a7b.dfd-button-module-wrap .dfd-button-module .dfd-button-link .dfd-button-inner-cover .dfd-button-text-hover {padding-right: 30px;}#dfd-button-69eb5609a8a7b.dfd-button-module-wrap .dfd-button-module .dfd-button-link .dfd-button-inner-cover .dfd-button-text-main, .dfd-button-69eb5609a8a7b.dfd-button-module-wrap .dfd-button-module .dfd-button-link .dfd-button-inner-cover .dfd-button-text-main, .dfd-button-69eb5609a8a7b.dfd-button-module-wrap .dfd-button-module .dfd-button-link .dfd-button-inner-cover .dfd-button-text-hover, #dfd-button-69eb5609a8a7b.dfd-button-module-wrap .dfd-button-module .dfd-button-link .dfd-button-inner-cover .dfd-button-text-hover {line-height: 48px; letter-spacing: 2px; }#dfd-button-69eb5609a8a7b.dfd-button-module-wrap .dfd-button-module .dfd-button-link .dfd-button-inner-cover .dfd-button-text-main,.dfd-button-69eb5609a8a7b.dfd-button-module-wrap .dfd-button-module .dfd-button-link .dfd-button-inner-cover .dfd-button-text-main {color: #ffffff}#dfd-button-69eb5609a8a7b.dfd-button-module-wrap .dfd-button-module .dfd-button-link .dfd-button-inner-cover,.dfd-button-69eb5609a8a7b.dfd-button-module-wrap .dfd-button-module .dfd-button-link .dfd-button-border-decoration,.dfd-button-69eb5609a8a7b.dfd-button-module-wrap .dfd-button-module .dfd-button-link .dfd-button-inner-cover {border-radius:60px;}#dfd-button-69eb5609a8a7b.dfd-button-module-wrap .dfd-button-module:not(.style_4) .dfd-button-link .dfd-button-inner-cover:before,#dfd-button-69eb5609a8a7b.dfd-button-module-wrap .dfd-button-module.style_4 .dfd-button-link .dfd-button-inner-cover:after,#dfd-button-69eb5609a8a7b.dfd-button-module-wrap .dfd-button-module.style_6 .dfd-button-link .dfd-button-inner-cover .dfd-button-text-main,.dfd-button-69eb5609a8a7b.dfd-button-module-wrap .dfd-button-module:not(.style_4) .dfd-button-link .dfd-button-inner-cover:before,.dfd-button-69eb5609a8a7b.dfd-button-module-wrap .dfd-button-module.style_4 .dfd-button-link .dfd-button-inner-cover:after,.dfd-button-69eb5609a8a7b.dfd-button-module-wrap .dfd-button-module.style_6 .dfd-button-link .dfd-button-inner-cover .dfd-button-text-main {background: #d34e25;border-style:solid;border-width:1px;border-radius:60px;border-color:#d34e25;}#dfd-button-69eb5609a8a7b.dfd-button-module-wrap .dfd-button-module:not(.style_6) .dfd-button-link:hover .dfd-button-inner-cover .dfd-button-text-main,#dfd-button-69eb5609a8a7b.dfd-button-module-wrap .dfd-button-module .dfd-button-link .dfd-button-inner-cover .dfd-button-text-hover,.dfd-button-69eb5609a8a7b.dfd-button-module-wrap .dfd-button-module:not(.style_6) .dfd-button-link:hover .dfd-button-inner-cover .dfd-button-text-main,.dfd-button-69eb5609a8a7b.dfd-button-module-wrap .dfd-button-module .dfd-button-link .dfd-button-inner-cover .dfd-button-text-hover {color: #ffffff;}#dfd-button-69eb5609a8a7b.dfd-button-module-wrap .dfd-button-module .dfd-button-link:hover .dfd-button-inner-cover,.dfd-button-69eb5609a8a7b.dfd-button-module-wrap .dfd-button-module .dfd-button-link:hover .dfd-button-border-decoration,.dfd-button-69eb5609a8a7b.dfd-button-module-wrap .dfd-button-module .dfd-button-link:hover .dfd-button-inner-cover {border-radius:60px;}#dfd-button-69eb5609a8a7b.dfd-button-module-wrap .dfd-button-module:not(.style_4) .dfd-button-link .dfd-button-inner-cover:after,#dfd-button-69eb5609a8a7b.dfd-button-module-wrap .dfd-button-module.style_4 .dfd-button-link .dfd-button-inner-cover:before,#dfd-button-69eb5609a8a7b.dfd-button-module-wrap .dfd-button-module .dfd-button-link .dfd-button-inner-cover .dfd-button-text-hover .dfd-button-69eb5609a8a7b.dfd-button-module-wrap .dfd-button-module:not(.style_4) .dfd-button-link .dfd-button-inner-cover:after,.dfd-button-69eb5609a8a7b.dfd-button-module-wrap .dfd-button-module.style_4 .dfd-button-link .dfd-button-inner-cover:before,.dfd-button-69eb5609a8a7b.dfd-button-module-wrap .dfd-button-module .dfd-button-link .dfd-button-inner-cover .dfd-button-text-hover {background: #5b5b5f;border-style:solid;border-width:1px;border-radius:60px;border-color:#5b5b5f;}#dfd-button-69eb5609a8a7b.dfd-button-module-wrap .dfd-button-module.style_3 .dfd-button-link:hover .dfd-button-inner-cover:before,#dfd-button-69eb5609a8a7b.dfd-button-module-wrap .dfd-button-module.style_4 .dfd-button-link:hover .dfd-button-inner-cover:before,.dfd-button-69eb5609a8a7b.dfd-button-module-wrap .dfd-button-module.style_3 .dfd-button-link:hover .dfd-button-inner-cover:before,.dfd-button-69eb5609a8a7b.dfd-button-module-wrap .dfd-button-module.style_4 .dfd-button-link:hover .dfd-button-inner-cover:before {border-style:solid;border-width:1px;border-radius:60px;border-color:#5b5b5f;}<\/style>\")\r\n\t\t\t\t\t\t\t\t\t})(jQuery);\r\n\t\t\t\t\t\t\t\t<\/script><\/div>[\/vc_column_inner][\/vc_row_inner][\/vc_column][\/vc_row][vc_row][vc_column]<div class=\"dfd-spacer-module\"  data-units=\"px\" data-wide_resolution=\"1280\" data-wide_size=\"60\" data-normal_resolution=\"1024\" data-normal_size=\"50\" data-tablet_resolution=\"800\" data-tablet_size=\"30\" data-mobile_resolution=\"480\" data-mobile_size=\"30\" style=\"height: 60px;\"><\/div>[\/vc_column][\/vc_row]<\/p>\n<\/div>","protected":false},"excerpt":{"rendered":"<p>[vc_row][vc_column][\/vc_column][\/vc_row][vc_row][vc_column offset=\u00bbvc_col-lg-offset-3 vc_col-lg-6 vc_col-md-offset-3 vc_col-md-6&#8243;][\/vc_column][\/vc_row][vc_row][vc_column offset=\u00bbvc_col-lg-offset-1 vc_col-lg-10 vc_col-md-offset-1 vc_col-md-10&#8243;][vc_row_inner][vc_column_inner width=\u00bb1\/2&#8243;][vc_single_image image=\u00bb3530&#8243; img_size=\u00bbfull\u00bb alignment=\u00bbcenter\u00bb css_animation=\u00bbfadeIn\u00bb][\/vc_column_inner][vc_column_inner width=\u00bb1\/2&#8243; dfd_column_responsive_enable=\u00bbdfd-column-responsive-enable\u00bb css=\u00bb.vc_custom_1552031218702{padding-right: 50px !important;padding-left: 50px !important;}\u00bb responsive_styles=\u00bbpadding_left_mobile:10|padding_right_mobile:10&#8243;][vc_column_text]Servicio en el que nuestros t\u00e9cnicos eval\u00faan las condiciones<\/p>\n","protected":false},"author":1,"featured_media":0,"parent":1784,"menu_order":0,"comment_status":"closed","ping_status":"closed","template":"page-custom-with-header.php","meta":{"_acf_changed":false,"footnotes":""},"class_list":["post-2049","page","type-page","status-publish","hentry"],"acf":[],"yoast_head":"<!-- This site is optimized with the Yoast SEO plugin v27.2 - https:\/\/yoast.com\/product\/yoast-seo-wordpress\/ -->\n<title>Mantenimiento de hornos industriales - Ingener<\/title>\n<meta name=\"description\" content=\"Nuestros t\u00e9cnicos eval\u00faan las condiciones actuales de los equipos y realizan o planifican las acciones de mantenimiento o reparaci\u00f3n de hornos industriales.\" \/>\n<meta name=\"robots\" content=\"index, follow, max-snippet:-1, max-image-preview:large, max-video-preview:-1\" \/>\n<link rel=\"canonical\" href=\"https:\/\/www.ingenerfurnaces.com\/es\/servicios\/mantenimiento-de-hornos-industriales\/\" \/>\n<meta property=\"og:locale\" content=\"es_ES\" \/>\n<meta property=\"og:type\" content=\"article\" \/>\n<meta property=\"og:title\" content=\"Mantenimiento de hornos industriales - Ingener\" \/>\n<meta property=\"og:description\" content=\"Nuestros t\u00e9cnicos eval\u00faan las condiciones actuales de los equipos y realizan o planifican las acciones de mantenimiento o reparaci\u00f3n de hornos industriales.\" \/>\n<meta property=\"og:url\" content=\"https:\/\/www.ingenerfurnaces.com\/es\/servicios\/mantenimiento-de-hornos-industriales\/\" \/>\n<meta property=\"og:site_name\" content=\"Ingener\" \/>\n<meta property=\"article:modified_time\" content=\"2020-06-09T14:35:38+00:00\" \/>\n<meta name=\"twitter:card\" content=\"summary_large_image\" \/>\n<meta name=\"twitter:label1\" content=\"Tiempo de lectura\" \/>\n\t<meta name=\"twitter:data1\" content=\"2 minutos\" \/>\n<script type=\"application\/ld+json\" class=\"yoast-schema-graph\">{\"@context\":\"https:\/\/schema.org\",\"@graph\":[{\"@type\":\"WebPage\",\"@id\":\"https:\/\/www.ingenerfurnaces.com\/es\/servicios\/mantenimiento-de-hornos-industriales\/\",\"url\":\"https:\/\/www.ingenerfurnaces.com\/es\/servicios\/mantenimiento-de-hornos-industriales\/\",\"name\":\"Mantenimiento de hornos industriales - Ingener\",\"isPartOf\":{\"@id\":\"https:\/\/www.ingenerfurnaces.com\/es\/#website\"},\"datePublished\":\"2019-03-04T10:47:29+00:00\",\"dateModified\":\"2020-06-09T14:35:38+00:00\",\"description\":\"Nuestros t\u00e9cnicos eval\u00faan las condiciones actuales de los equipos y realizan o planifican las acciones de mantenimiento o reparaci\u00f3n de hornos industriales.\",\"breadcrumb\":{\"@id\":\"https:\/\/www.ingenerfurnaces.com\/es\/servicios\/mantenimiento-de-hornos-industriales\/#breadcrumb\"},\"inLanguage\":\"es\",\"potentialAction\":[{\"@type\":\"ReadAction\",\"target\":[\"https:\/\/www.ingenerfurnaces.com\/es\/servicios\/mantenimiento-de-hornos-industriales\/\"]}]},{\"@type\":\"BreadcrumbList\",\"@id\":\"https:\/\/www.ingenerfurnaces.com\/es\/servicios\/mantenimiento-de-hornos-industriales\/#breadcrumb\",\"itemListElement\":[{\"@type\":\"ListItem\",\"position\":1,\"name\":\"Portada\",\"item\":\"https:\/\/www.ingenerfurnaces.com\/es\/\"},{\"@type\":\"ListItem\",\"position\":2,\"name\":\"Servicios\",\"item\":\"https:\/\/www.ingenerfurnaces.com\/es\/servicios-para-hornos-industriales\/\"},{\"@type\":\"ListItem\",\"position\":3,\"name\":\"Mantenimiento de hornos industriales\"}]},{\"@type\":\"WebSite\",\"@id\":\"https:\/\/www.ingenerfurnaces.com\/es\/#website\",\"url\":\"https:\/\/www.ingenerfurnaces.com\/es\/\",\"name\":\"Ingener\",\"description\":\"Otro sitio realizado con WordPress\",\"potentialAction\":[{\"@type\":\"SearchAction\",\"target\":{\"@type\":\"EntryPoint\",\"urlTemplate\":\"https:\/\/www.ingenerfurnaces.com\/es\/?s={search_term_string}\"},\"query-input\":{\"@type\":\"PropertyValueSpecification\",\"valueRequired\":true,\"valueName\":\"search_term_string\"}}],\"inLanguage\":\"es\"}]}<\/script>\n<!-- \/ Yoast SEO plugin. -->","yoast_head_json":{"title":"Mantenimiento de hornos industriales - Ingener","description":"Nuestros t\u00e9cnicos eval\u00faan las condiciones actuales de los equipos y realizan o planifican las acciones de mantenimiento o reparaci\u00f3n de hornos industriales.","robots":{"index":"index","follow":"follow","max-snippet":"max-snippet:-1","max-image-preview":"max-image-preview:large","max-video-preview":"max-video-preview:-1"},"canonical":"https:\/\/www.ingenerfurnaces.com\/es\/servicios\/mantenimiento-de-hornos-industriales\/","og_locale":"es_ES","og_type":"article","og_title":"Mantenimiento de hornos industriales - Ingener","og_description":"Nuestros t\u00e9cnicos eval\u00faan las condiciones actuales de los equipos y realizan o planifican las acciones de mantenimiento o reparaci\u00f3n de hornos industriales.","og_url":"https:\/\/www.ingenerfurnaces.com\/es\/servicios\/mantenimiento-de-hornos-industriales\/","og_site_name":"Ingener","article_modified_time":"2020-06-09T14:35:38+00:00","twitter_card":"summary_large_image","twitter_misc":{"Tiempo de lectura":"2 minutos"},"schema":{"@context":"https:\/\/schema.org","@graph":[{"@type":"WebPage","@id":"https:\/\/www.ingenerfurnaces.com\/es\/servicios\/mantenimiento-de-hornos-industriales\/","url":"https:\/\/www.ingenerfurnaces.com\/es\/servicios\/mantenimiento-de-hornos-industriales\/","name":"Mantenimiento de hornos industriales - Ingener","isPartOf":{"@id":"https:\/\/www.ingenerfurnaces.com\/es\/#website"},"datePublished":"2019-03-04T10:47:29+00:00","dateModified":"2020-06-09T14:35:38+00:00","description":"Nuestros t\u00e9cnicos eval\u00faan las condiciones actuales de los equipos y realizan o planifican las acciones de mantenimiento o reparaci\u00f3n de hornos industriales.","breadcrumb":{"@id":"https:\/\/www.ingenerfurnaces.com\/es\/servicios\/mantenimiento-de-hornos-industriales\/#breadcrumb"},"inLanguage":"es","potentialAction":[{"@type":"ReadAction","target":["https:\/\/www.ingenerfurnaces.com\/es\/servicios\/mantenimiento-de-hornos-industriales\/"]}]},{"@type":"BreadcrumbList","@id":"https:\/\/www.ingenerfurnaces.com\/es\/servicios\/mantenimiento-de-hornos-industriales\/#breadcrumb","itemListElement":[{"@type":"ListItem","position":1,"name":"Portada","item":"https:\/\/www.ingenerfurnaces.com\/es\/"},{"@type":"ListItem","position":2,"name":"Servicios","item":"https:\/\/www.ingenerfurnaces.com\/es\/servicios-para-hornos-industriales\/"},{"@type":"ListItem","position":3,"name":"Mantenimiento de hornos industriales"}]},{"@type":"WebSite","@id":"https:\/\/www.ingenerfurnaces.com\/es\/#website","url":"https:\/\/www.ingenerfurnaces.com\/es\/","name":"Ingener","description":"Otro sitio realizado con WordPress","potentialAction":[{"@type":"SearchAction","target":{"@type":"EntryPoint","urlTemplate":"https:\/\/www.ingenerfurnaces.com\/es\/?s={search_term_string}"},"query-input":{"@type":"PropertyValueSpecification","valueRequired":true,"valueName":"search_term_string"}}],"inLanguage":"es"}]}},"_links":{"self":[{"href":"https:\/\/www.ingenerfurnaces.com\/es\/wp-json\/wp\/v2\/pages\/2049","targetHints":{"allow":["GET"]}}],"collection":[{"href":"https:\/\/www.ingenerfurnaces.com\/es\/wp-json\/wp\/v2\/pages"}],"about":[{"href":"https:\/\/www.ingenerfurnaces.com\/es\/wp-json\/wp\/v2\/types\/page"}],"author":[{"embeddable":true,"href":"https:\/\/www.ingenerfurnaces.com\/es\/wp-json\/wp\/v2\/users\/1"}],"replies":[{"embeddable":true,"href":"https:\/\/www.ingenerfurnaces.com\/es\/wp-json\/wp\/v2\/comments?post=2049"}],"version-history":[{"count":4,"href":"https:\/\/www.ingenerfurnaces.com\/es\/wp-json\/wp\/v2\/pages\/2049\/revisions"}],"predecessor-version":[{"id":3763,"href":"https:\/\/www.ingenerfurnaces.com\/es\/wp-json\/wp\/v2\/pages\/2049\/revisions\/3763"}],"up":[{"embeddable":true,"href":"https:\/\/www.ingenerfurnaces.com\/es\/wp-json\/wp\/v2\/pages\/1784"}],"wp:attachment":[{"href":"https:\/\/www.ingenerfurnaces.com\/es\/wp-json\/wp\/v2\/media?parent=2049"}],"curies":[{"name":"wp","href":"https:\/\/api.w.org\/{rel}","templated":true}]}}