{"id":2030,"date":"2019-03-04T09:07:56","date_gmt":"2019-03-04T08:07:56","guid":{"rendered":"http:\/\/www.ingenerfurnaces.com\/?page_id=2030"},"modified":"2020-06-10T00:48:38","modified_gmt":"2020-06-09T22:48:38","slug":"soluciones-a-medida","status":"publish","type":"page","link":"https:\/\/www.ingenerfurnaces.com\/es\/hornos-industriales\/soluciones-a-medida\/","title":{"rendered":"Soluciones a medida"},"content":{"rendered":"<div class=\"wpb-content-wrapper\"><p>[vc_row][vc_column]<div class=\"dfd-spacer-module\"  data-units=\"px\" data-wide_resolution=\"1280\" data-wide_size=\"60\" data-normal_resolution=\"1024\" data-normal_size=\"40\" data-tablet_resolution=\"800\" data-tablet_size=\"30\" data-mobile_resolution=\"480\" data-mobile_size=\"30\" style=\"height: 60px;\"><\/div>[vc_row_inner][vc_column_inner offset=\u00bbvc_col-lg-offset-2 vc_col-lg-8 vc_col-md-offset-2 vc_col-md-8&#8243;]<div class=\"dfd-heading-shortcode\"><div class=\"dfd-heading-module-wrap  text-center style_01 dfd-heading-69eb560ab548f dfd-disable-resposive-headings\" id=\"dfd-heading-69eb560ab548f\" ><div class=\"inline-block\"><div class=\"dfd-heading-module\"><div class=\"widget-title dfd-title block-title\" style=\"font-size: 25px; color: #5b5b5f !important; line-height: 28px; \">Dise\u00f1o de equipos para aplicaciones especiales y de acuerdo a necesidades particulares del proceso<\/div><\/div><\/div><\/div><script type=\"text\/javascript\">\r\n\t\t\t\t\t\t\t\t\t(function($) {\r\n\t\t\t\t\t\t\t\t\t\t$(\"head\").append(\"<style>.dfd-heading-69eb560ab548f.dfd-heading-module-wrap .dfd-heading-module .dfd-heading-delimiter {margin-top:10px;margin-bottom:10px;}<\/style>\");\r\n\t\t\t\t\t\t\t\t\t})(jQuery);\r\n\t\t\t\t\t\t\t\t<\/script><\/div>[\/vc_column_inner][\/vc_row_inner]<div class=\"dfd-spacer-module\"  data-units=\"px\" data-wide_resolution=\"1280\" data-wide_size=\"50\" data-normal_resolution=\"1024\" data-normal_size=\"20\" data-tablet_resolution=\"800\" data-tablet_size=\"20\" data-mobile_resolution=\"480\" data-mobile_size=\"20\" style=\"height: 50px;\"><\/div>[vc_row_inner][vc_column_inner offset=\u00bbvc_col-lg-offset-4 vc_col-lg-4 vc_col-md-offset-3 vc_col-md-6&#8243;]<div class=\"dfd-module-wrapper\"><div class=\"dfd-portfolio-loop dfd-portfolio-module  fitRows\" id=\"dfd-portfolio-module-69eb560ab56aa\">\r\n\t<div class=\"dfd-portfolio-wrap\">\r\n\t\t\t\t<div class=\"dfd-portfolio dfd-portfolio-fitRows dfd-new-isotope  \"  data-columns=\"3\" data-layout-style=\"fitRows\" data-item=\"project\">\r\n\t\t\t\t\t\t<div class=\"project dfd-fade-out panr\" >\r\n\t\t\t\t\t<div class=\"cover text-center\">\r\n\t\t\t\t\t\t\t\t\t\t\t\t<div class=\"entry-thumb \">\r\n\t\t\t\t\t\t\t<img decoding=\"async\" src=\"https:\/\/www.ingenerfurnaces.com\/wp-content\/uploads\/2020\/02\/ingener-hornos-soluciones-a-medida-800x600.jpg\" alt=\"Soluciones a medida\"\/>\r\n\t\t\t\t\t\t\t\t\t\t\t\t\t\t\r\n<div class=\"portfolio-custom-hover\">\r\n\t\t\t\t<div class=\"title-wrap title-deco-none\">\r\n\t\t\t\t\t\t\t\t\t<h6 class=\"widget-title\"><a href=\"https:\/\/www.ingenerfurnaces.com\/es\/hornos-industriales\/soluciones-a-medida\/soluciones-a-medida\/\">Soluciones a medida<\/a><\/h6>\r\n\t\t\t\t\t\t\t\t\t\t\t\t\t\t\t\t\t\t\t\t<\/div>\r\n\t\t<div class=\"dfd-folio-icons-wrap\">\r\n\t\t\t\t\t\t\t<\/div>\r\n<\/div>\r\n\r\n\t\t\t\t\t\t<\/div>\r\n\r\n\r\n\t\t\t\t\t\t<div class=\"dfd-folio-heading-wrap\"><div class=\"dfd-folio-categories\">\r\n<\/div><div class=\"dfd-blog-title dfd-portfolio-title widget-title\" style=\"font-family:Ubuntu Condensed; font-weight:400; font-style:normal; font-size: 22px; line-height: 26px; \"><a href=\"https:\/\/www.ingenerfurnaces.com\/es\/hornos-industriales\/soluciones-a-medida\/soluciones-a-medida\/\" title=\"Soluciones a medida\">Soluciones a medida<\/a><\/div><\/div>\r\n\t\t\t\t\t\t\t\t\t\t\t<\/div>\r\n\t\t\t\t<\/div>\r\n\t\t\t\t\t\t<\/div>\r\n\t<\/div>\r\n<\/div><script type=\"text\/javascript\">\r\n\t\t\t\t\t\t\t\t(function($) {$(\"head\").append(\"<style>#dfd-portfolio-module-69eb560ab56aa .dfd-portfolio {margin: -10px;}#dfd-portfolio-module-69eb560ab56aa .dfd-portfolio .cover {padding: 10px;}#dfd-portfolio-module-69eb560ab56aa.dfd-portfolio-loop .dfd-portfolio .project .cover .dfd-folio-heading-wrap {left: 10px;right: 10px;}#dfd-portfolio-module-69eb560ab56aa .project .entry-thumb .portfolio-custom-hover {background-color: rgba(191,4,17,0.9);}<\/style>\");if(typeof jQuery.fn.initTaxonomyIsotope !== \"undefined\") {\r\n\t\t\t\t\tjQuery(\"#dfd-portfolio-module-69eb560ab56aa .dfd-new-isotope\").initTaxonomyIsotope();\r\n\t\t\t\t}})(jQuery);\r\n\t\t\t\t\t\t\t<\/script><\/div>[\/vc_column_inner][\/vc_row_inner]<div class=\"dfd-spacer-module\"  data-units=\"px\" data-wide_resolution=\"1280\" data-wide_size=\"90\" data-normal_resolution=\"1024\" data-normal_size=\"60\" data-tablet_resolution=\"800\" data-tablet_size=\"30\" data-mobile_resolution=\"480\" data-mobile_size=\"30\" style=\"height: 90px;\"><\/div>[\/vc_column][\/vc_row]<\/p>\n<\/div>","protected":false},"excerpt":{"rendered":"<p>[vc_row][vc_column][vc_row_inner][vc_column_inner offset=\u00bbvc_col-lg-offset-2 vc_col-lg-8 vc_col-md-offset-2 vc_col-md-8&#8243;][\/vc_column_inner][\/vc_row_inner][vc_row_inner][vc_column_inner offset=\u00bbvc_col-lg-offset-4 vc_col-lg-4 vc_col-md-offset-3 vc_col-md-6&#8243;][\/vc_column_inner][\/vc_row_inner][\/vc_column][\/vc_row]<\/p>\n","protected":false},"author":1,"featured_media":0,"parent":1780,"menu_order":0,"comment_status":"closed","ping_status":"closed","template":"page-custom-with-header.php","meta":{"_acf_changed":false,"footnotes":""},"class_list":["post-2030","page","type-page","status-publish","hentry"],"acf":[],"yoast_head":"<!-- This site is optimized with the Yoast SEO plugin v27.2 - https:\/\/yoast.com\/product\/yoast-seo-wordpress\/ -->\n<title>Soluciones a medida para Hornos Industriales - Ingener<\/title>\n<meta name=\"description\" content=\"Soluciones a medida para hornos industriales para la realizaci\u00f3n de cualquier proceso t\u00e9rmico espec\u00edfico a realizar sobre piezas de origen y formas diversas\" \/>\n<meta name=\"robots\" content=\"index, follow, max-snippet:-1, max-image-preview:large, max-video-preview:-1\" \/>\n<link rel=\"canonical\" href=\"https:\/\/www.ingenerfurnaces.com\/es\/hornos-industriales\/soluciones-a-medida\/\" \/>\n<meta property=\"og:locale\" content=\"es_ES\" \/>\n<meta property=\"og:type\" content=\"article\" \/>\n<meta property=\"og:title\" content=\"Soluciones a medida para Hornos Industriales - Ingener\" \/>\n<meta property=\"og:description\" content=\"Soluciones a medida para hornos industriales para la realizaci\u00f3n de cualquier proceso t\u00e9rmico espec\u00edfico a realizar sobre piezas de origen y formas diversas\" \/>\n<meta property=\"og:url\" content=\"https:\/\/www.ingenerfurnaces.com\/es\/hornos-industriales\/soluciones-a-medida\/\" \/>\n<meta property=\"og:site_name\" content=\"Ingener\" \/>\n<meta property=\"article:modified_time\" content=\"2020-06-09T22:48:38+00:00\" \/>\n<meta name=\"twitter:card\" content=\"summary_large_image\" \/>\n<meta name=\"twitter:label1\" content=\"Tiempo de lectura\" \/>\n\t<meta name=\"twitter:data1\" content=\"1 minuto\" \/>\n<script type=\"application\/ld+json\" class=\"yoast-schema-graph\">{\"@context\":\"https:\/\/schema.org\",\"@graph\":[{\"@type\":\"WebPage\",\"@id\":\"https:\/\/www.ingenerfurnaces.com\/es\/hornos-industriales\/soluciones-a-medida\/\",\"url\":\"https:\/\/www.ingenerfurnaces.com\/es\/hornos-industriales\/soluciones-a-medida\/\",\"name\":\"Soluciones a medida para Hornos Industriales - Ingener\",\"isPartOf\":{\"@id\":\"https:\/\/www.ingenerfurnaces.com\/es\/#website\"},\"datePublished\":\"2019-03-04T08:07:56+00:00\",\"dateModified\":\"2020-06-09T22:48:38+00:00\",\"description\":\"Soluciones a medida para hornos industriales para la realizaci\u00f3n de cualquier proceso t\u00e9rmico espec\u00edfico a realizar sobre piezas de origen y formas diversas\",\"breadcrumb\":{\"@id\":\"https:\/\/www.ingenerfurnaces.com\/es\/hornos-industriales\/soluciones-a-medida\/#breadcrumb\"},\"inLanguage\":\"es\",\"potentialAction\":[{\"@type\":\"ReadAction\",\"target\":[\"https:\/\/www.ingenerfurnaces.com\/es\/hornos-industriales\/soluciones-a-medida\/\"]}]},{\"@type\":\"BreadcrumbList\",\"@id\":\"https:\/\/www.ingenerfurnaces.com\/es\/hornos-industriales\/soluciones-a-medida\/#breadcrumb\",\"itemListElement\":[{\"@type\":\"ListItem\",\"position\":1,\"name\":\"Portada\",\"item\":\"https:\/\/www.ingenerfurnaces.com\/es\/\"},{\"@type\":\"ListItem\",\"position\":2,\"name\":\"Hornos Industriales\",\"item\":\"https:\/\/www.ingenerfurnaces.com\/es\/hornos-industriales\/\"},{\"@type\":\"ListItem\",\"position\":3,\"name\":\"Soluciones a medida\"}]},{\"@type\":\"WebSite\",\"@id\":\"https:\/\/www.ingenerfurnaces.com\/es\/#website\",\"url\":\"https:\/\/www.ingenerfurnaces.com\/es\/\",\"name\":\"Ingener\",\"description\":\"Otro sitio realizado con WordPress\",\"potentialAction\":[{\"@type\":\"SearchAction\",\"target\":{\"@type\":\"EntryPoint\",\"urlTemplate\":\"https:\/\/www.ingenerfurnaces.com\/es\/?s={search_term_string}\"},\"query-input\":{\"@type\":\"PropertyValueSpecification\",\"valueRequired\":true,\"valueName\":\"search_term_string\"}}],\"inLanguage\":\"es\"}]}<\/script>\n<!-- \/ Yoast SEO plugin. -->","yoast_head_json":{"title":"Soluciones a medida para Hornos Industriales - Ingener","description":"Soluciones a medida para hornos industriales para la realizaci\u00f3n de cualquier proceso t\u00e9rmico espec\u00edfico a realizar sobre piezas de origen y formas diversas","robots":{"index":"index","follow":"follow","max-snippet":"max-snippet:-1","max-image-preview":"max-image-preview:large","max-video-preview":"max-video-preview:-1"},"canonical":"https:\/\/www.ingenerfurnaces.com\/es\/hornos-industriales\/soluciones-a-medida\/","og_locale":"es_ES","og_type":"article","og_title":"Soluciones a medida para Hornos Industriales - Ingener","og_description":"Soluciones a medida para hornos industriales para la realizaci\u00f3n de cualquier proceso t\u00e9rmico espec\u00edfico a realizar sobre piezas de origen y formas diversas","og_url":"https:\/\/www.ingenerfurnaces.com\/es\/hornos-industriales\/soluciones-a-medida\/","og_site_name":"Ingener","article_modified_time":"2020-06-09T22:48:38+00:00","twitter_card":"summary_large_image","twitter_misc":{"Tiempo de lectura":"1 minuto"},"schema":{"@context":"https:\/\/schema.org","@graph":[{"@type":"WebPage","@id":"https:\/\/www.ingenerfurnaces.com\/es\/hornos-industriales\/soluciones-a-medida\/","url":"https:\/\/www.ingenerfurnaces.com\/es\/hornos-industriales\/soluciones-a-medida\/","name":"Soluciones a medida para Hornos Industriales - Ingener","isPartOf":{"@id":"https:\/\/www.ingenerfurnaces.com\/es\/#website"},"datePublished":"2019-03-04T08:07:56+00:00","dateModified":"2020-06-09T22:48:38+00:00","description":"Soluciones a medida para hornos industriales para la realizaci\u00f3n de cualquier proceso t\u00e9rmico espec\u00edfico a realizar sobre piezas de origen y formas diversas","breadcrumb":{"@id":"https:\/\/www.ingenerfurnaces.com\/es\/hornos-industriales\/soluciones-a-medida\/#breadcrumb"},"inLanguage":"es","potentialAction":[{"@type":"ReadAction","target":["https:\/\/www.ingenerfurnaces.com\/es\/hornos-industriales\/soluciones-a-medida\/"]}]},{"@type":"BreadcrumbList","@id":"https:\/\/www.ingenerfurnaces.com\/es\/hornos-industriales\/soluciones-a-medida\/#breadcrumb","itemListElement":[{"@type":"ListItem","position":1,"name":"Portada","item":"https:\/\/www.ingenerfurnaces.com\/es\/"},{"@type":"ListItem","position":2,"name":"Hornos Industriales","item":"https:\/\/www.ingenerfurnaces.com\/es\/hornos-industriales\/"},{"@type":"ListItem","position":3,"name":"Soluciones a medida"}]},{"@type":"WebSite","@id":"https:\/\/www.ingenerfurnaces.com\/es\/#website","url":"https:\/\/www.ingenerfurnaces.com\/es\/","name":"Ingener","description":"Otro sitio realizado con WordPress","potentialAction":[{"@type":"SearchAction","target":{"@type":"EntryPoint","urlTemplate":"https:\/\/www.ingenerfurnaces.com\/es\/?s={search_term_string}"},"query-input":{"@type":"PropertyValueSpecification","valueRequired":true,"valueName":"search_term_string"}}],"inLanguage":"es"}]}},"_links":{"self":[{"href":"https:\/\/www.ingenerfurnaces.com\/es\/wp-json\/wp\/v2\/pages\/2030","targetHints":{"allow":["GET"]}}],"collection":[{"href":"https:\/\/www.ingenerfurnaces.com\/es\/wp-json\/wp\/v2\/pages"}],"about":[{"href":"https:\/\/www.ingenerfurnaces.com\/es\/wp-json\/wp\/v2\/types\/page"}],"author":[{"embeddable":true,"href":"https:\/\/www.ingenerfurnaces.com\/es\/wp-json\/wp\/v2\/users\/1"}],"replies":[{"embeddable":true,"href":"https:\/\/www.ingenerfurnaces.com\/es\/wp-json\/wp\/v2\/comments?post=2030"}],"version-history":[{"count":6,"href":"https:\/\/www.ingenerfurnaces.com\/es\/wp-json\/wp\/v2\/pages\/2030\/revisions"}],"predecessor-version":[{"id":3551,"href":"https:\/\/www.ingenerfurnaces.com\/es\/wp-json\/wp\/v2\/pages\/2030\/revisions\/3551"}],"up":[{"embeddable":true,"href":"https:\/\/www.ingenerfurnaces.com\/es\/wp-json\/wp\/v2\/pages\/1780"}],"wp:attachment":[{"href":"https:\/\/www.ingenerfurnaces.com\/es\/wp-json\/wp\/v2\/media?parent=2030"}],"curies":[{"name":"wp","href":"https:\/\/api.w.org\/{rel}","templated":true}]}}